{"id":1558,"date":"2021-01-02T22:50:32","date_gmt":"2021-01-02T22:50:32","guid":{"rendered":"http:\/\/localhost:10028\/?page_id=1558"},"modified":"2021-03-04T12:28:34","modified_gmt":"2021-03-04T12:28:34","slug":"aarhus-hub","status":"publish","type":"page","link":"https:\/\/aarhusns.rs\/de\/aarhus-hub\/","title":{"rendered":"AARHUS HUB"},"content":{"rendered":"\t\t<div data-elementor-type=\"wp-page\" data-elementor-id=\"1558\" class=\"elementor elementor-1558\" data-elementor-post-type=\"page\">\n\t\t\t\t\t\t<section class=\"elementor-section elementor-top-section elementor-element elementor-element-3354414c elementor-section-stretched elementor-section-content-middle elementor-section-height-min-height elementor-section-boxed elementor-section-height-default elementor-section-items-middle\" data-id=\"3354414c\" data-element_type=\"section\" data-e-type=\"section\" data-settings=\"{&quot;stretch_section&quot;:&quot;section-stretched&quot;,&quot;background_background&quot;:&quot;classic&quot;}\">\n\t\t\t\t\t\t\t<div class=\"elementor-background-overlay\"><\/div>\n\t\t\t\t\t\t\t<div class=\"elementor-container elementor-column-gap-default\">\n\t\t\t\t\t<div class=\"elementor-column elementor-col-100 elementor-top-column elementor-element elementor-element-60b5f7cf\" data-id=\"60b5f7cf\" data-element_type=\"column\" data-e-type=\"column\">\n\t\t\t<div class=\"elementor-widget-wrap elementor-element-populated\">\n\t\t\t\t\t\t<div class=\"elementor-element elementor-element-134a2fe1 elementor-widget elementor-widget-heading\" data-id=\"134a2fe1\" data-element_type=\"widget\" data-e-type=\"widget\" data-widget_type=\"heading.default\">\n\t\t\t\t<div class=\"elementor-widget-container\">\n\t\t\t\t\t<h2 class=\"elementor-heading-title elementor-size-default\">AARHUS HUB<\/h2>\t\t\t\t<\/div>\n\t\t\t\t<\/div>\n\t\t\t\t\t<\/div>\n\t\t<\/div>\n\t\t\t\t\t<\/div>\n\t\t<\/section>\n\t\t\t\t<section class=\"elementor-section elementor-top-section elementor-element elementor-element-99e3876 elementor-section-boxed elementor-section-height-default elementor-section-height-default\" data-id=\"99e3876\" data-element_type=\"section\" data-e-type=\"section\">\n\t\t\t\t\t\t<div class=\"elementor-container elementor-column-gap-default\">\n\t\t\t\t\t<div class=\"elementor-column elementor-col-16 elementor-top-column elementor-element elementor-element-12015e3d\" data-id=\"12015e3d\" data-element_type=\"column\" data-e-type=\"column\">\n\t\t\t<div class=\"elementor-widget-wrap\">\n\t\t\t\t\t\t\t<\/div>\n\t\t<\/div>\n\t\t\t\t<div class=\"elementor-column elementor-col-66 elementor-top-column elementor-element elementor-element-18f56393\" data-id=\"18f56393\" data-element_type=\"column\" data-e-type=\"column\">\n\t\t\t<div class=\"elementor-widget-wrap elementor-element-populated\">\n\t\t\t\t\t\t<div class=\"elementor-element elementor-element-7c163e25 elementor-widget elementor-widget-text-editor\" data-id=\"7c163e25\" data-element_type=\"widget\" data-e-type=\"widget\" data-widget_type=\"text-editor.default\">\n\t\t\t\t<div class=\"elementor-widget-container\">\n\t\t\t\t\t\t\t\t\tBildung und Information in jedem Alter werden heute als Schl\u00fcssel zur Sensibilisierung der B\u00fcrger f\u00fcr die Bedeutung des Umweltschutzes angesehen. AARHUS HUB ist ein Versuch, B\u00fcrgern, \u00f6ffentlicher Verwaltung, NRO und dem privaten Sektor die M\u00f6glichkeit zu geben, globalen Trends, Initiativen, technischen und institutionellen L\u00f6sungen zu folgen, die durch neue Technologien hervorgerufen werden. Fachliteratur, wichtige Kontakte und alle Informationen zu Ereignissen im Land und in der Welt im Bereich \u00d6kologie, Umsetzung der Aarhus-Konvention, Kreislaufwirtschaft und Klimawandel finden Sie im virtuellen Tresor AARHUS HUB\t\t\t\t\t\t\t\t<\/div>\n\t\t\t\t<\/div>\n\t\t\t\t\t<\/div>\n\t\t<\/div>\n\t\t\t\t<div class=\"elementor-column elementor-col-16 elementor-top-column elementor-element elementor-element-eb92e8e\" data-id=\"eb92e8e\" data-element_type=\"column\" data-e-type=\"column\">\n\t\t\t<div class=\"elementor-widget-wrap\">\n\t\t\t\t\t\t\t<\/div>\n\t\t<\/div>\n\t\t\t\t\t<\/div>\n\t\t<\/section>\n\t\t\t\t<\/div>\n\t\t","protected":false},"excerpt":{"rendered":"<p>AARHUS HUB Bildung und Information in jedem Alter werden heute als Schl\u00fcssel zur Sensibilisierung der B\u00fcrger f\u00fcr die Bedeutung des Umweltschutzes angesehen. AARHUS HUB ist ein Versuch, B\u00fcrgern, \u00f6ffentlicher Verwaltung, NRO und dem privaten Sektor die M\u00f6glichkeit zu geben, globalen Trends, Initiativen, technischen und institutionellen L\u00f6sungen zu folgen, die durch neue Technologien hervorgerufen werden. Fachliteratur, [&hellip;]<\/p>\n","protected":false},"author":1,"featured_media":0,"parent":0,"menu_order":0,"comment_status":"closed","ping_status":"closed","template":"elementor_header_footer","meta":{"footnotes":""},"class_list":["post-1558","page","type-page","status-publish","hentry"],"_links":{"self":[{"href":"https:\/\/aarhusns.rs\/de\/wp-json\/wp\/v2\/pages\/1558","targetHints":{"allow":["GET"]}}],"collection":[{"href":"https:\/\/aarhusns.rs\/de\/wp-json\/wp\/v2\/pages"}],"about":[{"href":"https:\/\/aarhusns.rs\/de\/wp-json\/wp\/v2\/types\/page"}],"author":[{"embeddable":true,"href":"https:\/\/aarhusns.rs\/de\/wp-json\/wp\/v2\/users\/1"}],"replies":[{"embeddable":true,"href":"https:\/\/aarhusns.rs\/de\/wp-json\/wp\/v2\/comments?post=1558"}],"version-history":[{"count":24,"href":"https:\/\/aarhusns.rs\/de\/wp-json\/wp\/v2\/pages\/1558\/revisions"}],"predecessor-version":[{"id":3949,"href":"https:\/\/aarhusns.rs\/de\/wp-json\/wp\/v2\/pages\/1558\/revisions\/3949"}],"wp:attachment":[{"href":"https:\/\/aarhusns.rs\/de\/wp-json\/wp\/v2\/media?parent=1558"}],"curies":[{"name":"wp","href":"https:\/\/api.w.org\/{rel}","templated":true}]}}