{"id":1570,"date":"2021-01-02T22:56:11","date_gmt":"2021-01-02T22:56:11","guid":{"rendered":"http:\/\/localhost:10028\/?page_id=1570"},"modified":"2021-02-05T10:00:32","modified_gmt":"2021-02-05T10:00:32","slug":"aarchus_konvention","status":"publish","type":"page","link":"https:\/\/aarhusns.rs\/de\/aarchus_konvention\/","title":{"rendered":"AARHUS KONVENTION"},"content":{"rendered":"\t\t<div data-elementor-type=\"wp-page\" data-elementor-id=\"1570\" class=\"elementor elementor-1570\" data-elementor-post-type=\"page\">\n\t\t\t\t\t\t<section class=\"elementor-section elementor-top-section elementor-element elementor-element-630d4559 elementor-section-stretched elementor-section-content-middle elementor-section-height-min-height elementor-section-boxed elementor-section-height-default elementor-section-items-middle\" data-id=\"630d4559\" data-element_type=\"section\" data-e-type=\"section\" data-settings=\"{&quot;stretch_section&quot;:&quot;section-stretched&quot;,&quot;background_background&quot;:&quot;video&quot;,&quot;background_video_link&quot;:&quot;https:\\\/\\\/www.youtube.com\\\/watch?v=L7LtFp5cg9E&amp;t=1s&quot;}\">\n\t\t\t\t\t\t\t\t<div class=\"elementor-background-video-container elementor-hidden-mobile\">\n\t\t\t\t\t\t\t\t\t\t\t\t\t<div class=\"elementor-background-video-embed\" role=\"presentation\"><\/div>\n\t\t\t\t\t\t\t\t\t\t\t\t<\/div>\n\t\t\t\t\t\t\t\t\t<div class=\"elementor-background-overlay\"><\/div>\n\t\t\t\t\t\t\t<div class=\"elementor-container elementor-column-gap-default\">\n\t\t\t\t\t<div class=\"elementor-column elementor-col-100 elementor-top-column elementor-element elementor-element-4c9967ec\" data-id=\"4c9967ec\" data-element_type=\"column\" data-e-type=\"column\">\n\t\t\t<div class=\"elementor-widget-wrap elementor-element-populated\">\n\t\t\t\t\t\t<div class=\"elementor-element elementor-element-5038fb83 elementor-widget elementor-widget-heading\" data-id=\"5038fb83\" data-element_type=\"widget\" data-e-type=\"widget\" data-widget_type=\"heading.default\">\n\t\t\t\t<div class=\"elementor-widget-container\">\n\t\t\t\t\t<h2 class=\"elementor-heading-title elementor-size-default\">AARHUS KONVENTION<\/h2>\t\t\t\t<\/div>\n\t\t\t\t<\/div>\n\t\t\t\t\t<\/div>\n\t\t<\/div>\n\t\t\t\t\t<\/div>\n\t\t<\/section>\n\t\t\t\t<section class=\"elementor-section elementor-top-section elementor-element elementor-element-4446b96a elementor-section-boxed elementor-section-height-default elementor-section-height-default\" data-id=\"4446b96a\" data-element_type=\"section\" data-e-type=\"section\">\n\t\t\t\t\t\t<div class=\"elementor-container elementor-column-gap-default\">\n\t\t\t\t\t<div class=\"elementor-column elementor-col-100 elementor-top-column elementor-element elementor-element-1327bafe\" data-id=\"1327bafe\" data-element_type=\"column\" data-e-type=\"column\">\n\t\t\t<div class=\"elementor-widget-wrap elementor-element-populated\">\n\t\t\t\t\t\t<div class=\"elementor-element elementor-element-7dc09f34 elementor-widget elementor-widget-heading\" data-id=\"7dc09f34\" data-element_type=\"widget\" data-e-type=\"widget\" data-widget_type=\"heading.default\">\n\t\t\t\t<div class=\"elementor-widget-container\">\n\t\t\t\t\t<h2 class=\"elementor-heading-title elementor-size-default\">AARHUS KONVETION<\/h2>\t\t\t\t<\/div>\n\t\t\t\t<\/div>\n\t\t\t\t\t<\/div>\n\t\t<\/div>\n\t\t\t\t\t<\/div>\n\t\t<\/section>\n\t\t\t\t<section class=\"elementor-section elementor-top-section elementor-element elementor-element-31447222 elementor-section-boxed elementor-section-height-default elementor-section-height-default\" data-id=\"31447222\" data-element_type=\"section\" data-e-type=\"section\">\n\t\t\t\t\t\t<div class=\"elementor-container elementor-column-gap-default\">\n\t\t\t\t\t<div class=\"elementor-column elementor-col-16 elementor-top-column elementor-element elementor-element-17b989ee\" data-id=\"17b989ee\" data-element_type=\"column\" data-e-type=\"column\">\n\t\t\t<div class=\"elementor-widget-wrap\">\n\t\t\t\t\t\t\t<\/div>\n\t\t<\/div>\n\t\t\t\t<div class=\"elementor-column elementor-col-66 elementor-top-column elementor-element elementor-element-3d192761\" data-id=\"3d192761\" data-element_type=\"column\" data-e-type=\"column\">\n\t\t\t<div class=\"elementor-widget-wrap elementor-element-populated\">\n\t\t\t\t\t\t<div class=\"elementor-element elementor-element-2fef0816 animated-slow elementor-invisible elementor-widget elementor-widget-text-editor\" data-id=\"2fef0816\" data-element_type=\"widget\" data-e-type=\"widget\" data-settings=\"{&quot;_animation&quot;:&quot;fadeInUp&quot;}\" data-widget_type=\"text-editor.default\">\n\t\t\t\t<div class=\"elementor-widget-container\">\n\t\t\t\t\t\t\t\t\tDas Aarhus-\u00dcbereinkommen \u00fcber den Zugang zu Informationen, die Beteiligung der \u00d6ffentlichkeit an Entscheidungsprozessen und das Recht auf Rechtsschutz in Umweltangelegenheiten. Das Aarhus-\u00dcbereinkommen wurde am 25. Juni 1998 auf der vierten Konferenz &#8222;Umwelt f\u00fcr Europa&#8220; in Aarhus (D\u00e4nemark) verabschiedet. Konvention ist der Schutz des Rechts jedes Einzelnen, der gegenw\u00e4rtigen und zuk\u00fcnftigen Generationen, in einer Umgebung zu leben, die seiner Gesundheit und seinem Wohlbefinden angemessen ist.\n\n\n<ul>\n<br>\n<li>\nZugang zu Umweltinformationen &#8211; das Recht der B\u00fcrger, Umweltinformationen von staatlichen Beh\u00f6rden zu erhalten;\n<\/li>\n<br>\n<li>\nBeteiligung der \u00d6ffentlichkeit an Umweltentscheidungen &#8211; das Recht der B\u00fcrger, sich an der Entscheidungsfindung bei der Ausarbeitung von Pl\u00e4nen, Programmen, Richtlinien und Vorschriften in Bezug auf Umwelt und Umwelt zu beteiligen\n<\/li>\n<br>\n<li>\nRecht auf Rechtsschutz &#8211; das Recht der B\u00fcrger, Zugang zu Rechtsschutz zu haben, wenn ihr Recht auf Zugang zu Informationen oder die Teilnahme an Umweltfragen verletzt wird.\n<\/li>\n<\/ul>\t\t\t\t\t\t\t\t<\/div>\n\t\t\t\t<\/div>\n\t\t\t\t\t<\/div>\n\t\t<\/div>\n\t\t\t\t<div class=\"elementor-column elementor-col-16 elementor-top-column elementor-element elementor-element-2dc8c4e\" data-id=\"2dc8c4e\" data-element_type=\"column\" data-e-type=\"column\">\n\t\t\t<div class=\"elementor-widget-wrap\">\n\t\t\t\t\t\t\t<\/div>\n\t\t<\/div>\n\t\t\t\t\t<\/div>\n\t\t<\/section>\n\t\t\t\t<section class=\"elementor-section elementor-top-section elementor-element elementor-element-1f3d80a0 elementor-section-boxed elementor-section-height-default elementor-section-height-default\" data-id=\"1f3d80a0\" data-element_type=\"section\" data-e-type=\"section\">\n\t\t\t\t\t\t<div class=\"elementor-container elementor-column-gap-default\">\n\t\t\t\t\t<div class=\"elementor-column elementor-col-25 elementor-top-column elementor-element elementor-element-4a73957d\" data-id=\"4a73957d\" data-element_type=\"column\" data-e-type=\"column\">\n\t\t\t<div class=\"elementor-widget-wrap\">\n\t\t\t\t\t\t\t<\/div>\n\t\t<\/div>\n\t\t\t\t<div class=\"elementor-column elementor-col-50 elementor-top-column elementor-element elementor-element-449a1daa\" data-id=\"449a1daa\" data-element_type=\"column\" data-e-type=\"column\">\n\t\t\t<div class=\"elementor-widget-wrap elementor-element-populated\">\n\t\t\t\t\t\t<div class=\"elementor-element elementor-element-de28ebc elementor-widget elementor-widget-image\" data-id=\"de28ebc\" data-element_type=\"widget\" data-e-type=\"widget\" data-widget_type=\"image.default\">\n\t\t\t\t<div class=\"elementor-widget-container\">\n\t\t\t\t\t\t\t\t\t\t\t\t\t\t\t<img fetchpriority=\"high\" decoding=\"async\" width=\"512\" height=\"305\" src=\"https:\/\/aarhusns.rs\/wp-content\/uploads\/2020\/12\/unnamed.jpg\" class=\"attachment-large size-large wp-image-1575\" alt=\"\" srcset=\"https:\/\/aarhusns.rs\/wp-content\/uploads\/2020\/12\/unnamed.jpg 512w, https:\/\/aarhusns.rs\/wp-content\/uploads\/2020\/12\/unnamed-300x179.jpg 300w\" sizes=\"(max-width: 512px) 100vw, 512px\" \/>\t\t\t\t\t\t\t\t\t\t\t\t\t\t\t<\/div>\n\t\t\t\t<\/div>\n\t\t\t\t\t<\/div>\n\t\t<\/div>\n\t\t\t\t<div class=\"elementor-column elementor-col-25 elementor-top-column elementor-element elementor-element-98d4c18\" data-id=\"98d4c18\" data-element_type=\"column\" data-e-type=\"column\">\n\t\t\t<div class=\"elementor-widget-wrap\">\n\t\t\t\t\t\t\t<\/div>\n\t\t<\/div>\n\t\t\t\t\t<\/div>\n\t\t<\/section>\n\t\t\t\t<section class=\"elementor-section elementor-top-section elementor-element elementor-element-4fc00deb elementor-section-boxed elementor-section-height-default elementor-section-height-default\" data-id=\"4fc00deb\" data-element_type=\"section\" data-e-type=\"section\">\n\t\t\t\t\t\t<div class=\"elementor-container elementor-column-gap-default\">\n\t\t\t\t\t<div class=\"elementor-column elementor-col-100 elementor-top-column elementor-element elementor-element-6dd0bd00\" data-id=\"6dd0bd00\" data-element_type=\"column\" data-e-type=\"column\">\n\t\t\t<div class=\"elementor-widget-wrap elementor-element-populated\">\n\t\t\t\t\t\t<div class=\"elementor-element elementor-element-2adea446 elementor-widget elementor-widget-heading\" data-id=\"2adea446\" data-element_type=\"widget\" data-e-type=\"widget\" data-widget_type=\"heading.default\">\n\t\t\t\t<div class=\"elementor-widget-container\">\n\t\t\t\t\t<h2 class=\"elementor-heading-title elementor-size-default\">AARHUS KONVENTION IN SERBIEN<\/h2>\t\t\t\t<\/div>\n\t\t\t\t<\/div>\n\t\t\t\t\t<\/div>\n\t\t<\/div>\n\t\t\t\t\t<\/div>\n\t\t<\/section>\n\t\t\t\t<section class=\"elementor-section elementor-top-section elementor-element elementor-element-7fa425d6 animated-slow elementor-section-boxed elementor-section-height-default elementor-section-height-default elementor-invisible\" data-id=\"7fa425d6\" data-element_type=\"section\" data-e-type=\"section\" data-settings=\"{&quot;animation&quot;:&quot;fadeInUp&quot;}\">\n\t\t\t\t\t\t<div class=\"elementor-container elementor-column-gap-default\">\n\t\t\t\t\t<div class=\"elementor-column elementor-col-16 elementor-top-column elementor-element elementor-element-53117e45\" data-id=\"53117e45\" data-element_type=\"column\" data-e-type=\"column\">\n\t\t\t<div class=\"elementor-widget-wrap\">\n\t\t\t\t\t\t\t<\/div>\n\t\t<\/div>\n\t\t\t\t<div class=\"elementor-column elementor-col-66 elementor-top-column elementor-element elementor-element-742e465c\" data-id=\"742e465c\" data-element_type=\"column\" data-e-type=\"column\">\n\t\t\t<div class=\"elementor-widget-wrap elementor-element-populated\">\n\t\t\t\t\t\t<div class=\"elementor-element elementor-element-55b2cc87 elementor-widget elementor-widget-text-editor\" data-id=\"55b2cc87\" data-element_type=\"widget\" data-e-type=\"widget\" data-widget_type=\"text-editor.default\">\n\t\t\t\t<div class=\"elementor-widget-container\">\n\t\t\t\t\t\t\t\t\tDie Nationalversammlung der Republik Serbien hat am 12. Mai 2009 das Gesetz \u00fcber die Ratifizierung des \u00dcbereinkommens \u00fcber den Zugang zu Informationen, die Beteiligung der \u00d6ffentlichkeit an Entscheidungsprozessen und das Recht auf Rechtsschutz in Umweltangelegenheiten (ratifiziertes Aarhus-\u00dcbereinkommen) verabschiedet (Amtsblatt der RS \u200b\u200b- Internationale Abkommen). Nr. 38\/09). Die Bestimmungen von Artikel 74 der Verfassung der Republik Serbien (\u201eAmtsblatt der RS\u201c, Nr. 98\/06) legen fest, dass jeder das Recht auf eine gesunde Umwelt und auf rechtzeitige und vollst\u00e4ndige Bekanntgabe seines Zustands hat Jeder, insbesondere die Republik Serbien und die Autonome Provinz, sind f\u00fcr den Schutz der Umwelt sowie f\u00fcr die Tatsache verantwortlich, dass jeder verpflichtet ist, die Umwelt zu sch\u00fctzen und zu verbessern.\t\t\t\t\t\t\t\t<\/div>\n\t\t\t\t<\/div>\n\t\t\t\t\t<\/div>\n\t\t<\/div>\n\t\t\t\t<div class=\"elementor-column elementor-col-16 elementor-top-column elementor-element elementor-element-30cc6ead\" data-id=\"30cc6ead\" data-element_type=\"column\" data-e-type=\"column\">\n\t\t\t<div class=\"elementor-widget-wrap\">\n\t\t\t\t\t\t\t<\/div>\n\t\t<\/div>\n\t\t\t\t\t<\/div>\n\t\t<\/section>\n\t\t\t\t<\/div>\n\t\t","protected":false},"excerpt":{"rendered":"<p>AARHUS KONVENTION AARHUS KONVETION Das Aarhus-\u00dcbereinkommen \u00fcber den Zugang zu Informationen, die Beteiligung der \u00d6ffentlichkeit an Entscheidungsprozessen und das Recht auf Rechtsschutz in Umweltangelegenheiten. Das Aarhus-\u00dcbereinkommen wurde am 25. Juni 1998 auf der vierten Konferenz &#8222;Umwelt f\u00fcr Europa&#8220; in Aarhus (D\u00e4nemark) verabschiedet. Konvention ist der Schutz des Rechts jedes Einzelnen, der gegenw\u00e4rtigen und zuk\u00fcnftigen Generationen, [&hellip;]<\/p>\n","protected":false},"author":1,"featured_media":0,"parent":0,"menu_order":0,"comment_status":"closed","ping_status":"closed","template":"elementor_header_footer","meta":{"footnotes":""},"class_list":["post-1570","page","type-page","status-publish","hentry"],"_links":{"self":[{"href":"https:\/\/aarhusns.rs\/de\/wp-json\/wp\/v2\/pages\/1570","targetHints":{"allow":["GET"]}}],"collection":[{"href":"https:\/\/aarhusns.rs\/de\/wp-json\/wp\/v2\/pages"}],"about":[{"href":"https:\/\/aarhusns.rs\/de\/wp-json\/wp\/v2\/types\/page"}],"author":[{"embeddable":true,"href":"https:\/\/aarhusns.rs\/de\/wp-json\/wp\/v2\/users\/1"}],"replies":[{"embeddable":true,"href":"https:\/\/aarhusns.rs\/de\/wp-json\/wp\/v2\/comments?post=1570"}],"version-history":[{"count":24,"href":"https:\/\/aarhusns.rs\/de\/wp-json\/wp\/v2\/pages\/1570\/revisions"}],"predecessor-version":[{"id":3360,"href":"https:\/\/aarhusns.rs\/de\/wp-json\/wp\/v2\/pages\/1570\/revisions\/3360"}],"wp:attachment":[{"href":"https:\/\/aarhusns.rs\/de\/wp-json\/wp\/v2\/media?parent=1570"}],"curies":[{"name":"wp","href":"https:\/\/api.w.org\/{rel}","templated":true}]}}