{"id":1753,"date":"2021-01-06T12:20:02","date_gmt":"2021-01-06T12:20:02","guid":{"rendered":"http:\/\/localhost:10028\/?page_id=1753"},"modified":"2021-03-04T15:25:52","modified_gmt":"2021-03-04T15:25:52","slug":"projekte","status":"publish","type":"page","link":"https:\/\/aarhusns.rs\/de\/projekte\/","title":{"rendered":"PROJEKTE"},"content":{"rendered":"\t\t<div data-elementor-type=\"wp-page\" data-elementor-id=\"1753\" class=\"elementor elementor-1753\" data-elementor-post-type=\"page\">\n\t\t\t\t\t\t<section class=\"elementor-section elementor-top-section elementor-element elementor-element-bee9d08 elementor-section-height-min-height elementor-section-boxed elementor-section-height-default elementor-section-items-middle\" data-id=\"bee9d08\" data-element_type=\"section\" data-e-type=\"section\" data-settings=\"{&quot;background_background&quot;:&quot;classic&quot;}\">\n\t\t\t\t\t\t\t<div class=\"elementor-background-overlay\"><\/div>\n\t\t\t\t\t\t\t<div class=\"elementor-container elementor-column-gap-default\">\n\t\t\t\t\t<div class=\"elementor-column elementor-col-100 elementor-top-column elementor-element elementor-element-26c90c5\" data-id=\"26c90c5\" data-element_type=\"column\" data-e-type=\"column\">\n\t\t\t<div class=\"elementor-widget-wrap elementor-element-populated\">\n\t\t\t\t\t\t<div class=\"elementor-element elementor-element-2a29d36 animated-slow elementor-invisible elementor-widget elementor-widget-heading\" data-id=\"2a29d36\" data-element_type=\"widget\" data-e-type=\"widget\" data-settings=\"{&quot;_animation&quot;:&quot;fadeIn&quot;,&quot;_animation_delay&quot;:30}\" data-widget_type=\"heading.default\">\n\t\t\t\t<div class=\"elementor-widget-container\">\n\t\t\t\t\t<h2 class=\"elementor-heading-title elementor-size-default\">PROJEKTE<\/h2>\t\t\t\t<\/div>\n\t\t\t\t<\/div>\n\t\t\t\t\t<\/div>\n\t\t<\/div>\n\t\t\t\t\t<\/div>\n\t\t<\/section>\n\t\t\t\t<section class=\"elementor-section elementor-top-section elementor-element elementor-element-83b51c5 elementor-section-full_width elementor-section-height-default elementor-section-height-default\" data-id=\"83b51c5\" data-element_type=\"section\" data-e-type=\"section\">\n\t\t\t\t\t\t<div class=\"elementor-container elementor-column-gap-default\">\n\t\t\t\t\t<div class=\"elementor-column elementor-col-100 elementor-top-column elementor-element elementor-element-8d4d8f1\" data-id=\"8d4d8f1\" data-element_type=\"column\" data-e-type=\"column\" data-settings=\"{&quot;background_background&quot;:&quot;slideshow&quot;,&quot;background_slideshow_gallery&quot;:[],&quot;background_slideshow_loop&quot;:&quot;yes&quot;,&quot;background_slideshow_slide_duration&quot;:5000,&quot;background_slideshow_slide_transition&quot;:&quot;fade&quot;,&quot;background_slideshow_transition_duration&quot;:500}\">\n\t\t\t<div class=\"elementor-widget-wrap elementor-element-populated\">\n\t\t\t\t\t\t<div class=\"elementor-element elementor-element-6ea054c animated-slow elementor-grid-3 elementor-grid-tablet-2 elementor-grid-mobile-1 elementor-invisible elementor-widget elementor-widget-portfolio\" data-id=\"6ea054c\" data-element_type=\"widget\" data-e-type=\"widget\" data-settings=\"{&quot;_animation&quot;:&quot;fadeIn&quot;,&quot;columns&quot;:&quot;3&quot;,&quot;columns_tablet&quot;:&quot;2&quot;,&quot;columns_mobile&quot;:&quot;1&quot;,&quot;item_ratio&quot;:{&quot;unit&quot;:&quot;px&quot;,&quot;size&quot;:0.66000000000000003108624468950438313186168670654296875,&quot;sizes&quot;:[]},&quot;item_gap&quot;:{&quot;unit&quot;:&quot;px&quot;,&quot;size&quot;:&quot;&quot;,&quot;sizes&quot;:[]},&quot;row_gap&quot;:{&quot;unit&quot;:&quot;px&quot;,&quot;size&quot;:&quot;&quot;,&quot;sizes&quot;:[]}}\" data-widget_type=\"portfolio.default\">\n\t\t\t\t<div class=\"elementor-widget-container\">\n\t\t\t\t\t\t\t<div class=\"elementor-portfolio elementor-grid elementor-posts-container\">\n\t\t\t\t<article class=\"elementor-portfolio-item elementor-post  post-3809 wpos_portfolio type-wpos_portfolio status-publish has-post-thumbnail hentry\">\n\t\t\t<a class=\"elementor-post__thumbnail__link\" href=\"https:\/\/aarhusns.rs\/de\/wp-portfolio\/fortschritt-zum-nachhaltigen-wirtschaftsprojekt-in-vojvodina\/\">\n\t\t\t\t<div class=\"elementor-portfolio-item__img elementor-post__thumbnail\">\n\t\t\t<img fetchpriority=\"high\" decoding=\"async\" width=\"300\" height=\"169\" src=\"https:\/\/aarhusns.rs\/wp-content\/uploads\/2021\/01\/6-napredak-studija-i-materijal-1-300x169.jpg\" class=\"attachment-medium size-medium wp-image-2577\" alt=\"\" srcset=\"https:\/\/aarhusns.rs\/wp-content\/uploads\/2021\/01\/6-napredak-studija-i-materijal-1-300x169.jpg 300w, https:\/\/aarhusns.rs\/wp-content\/uploads\/2021\/01\/6-napredak-studija-i-materijal-1-1024x576.jpg 1024w, https:\/\/aarhusns.rs\/wp-content\/uploads\/2021\/01\/6-napredak-studija-i-materijal-1-768x432.jpg 768w, https:\/\/aarhusns.rs\/wp-content\/uploads\/2021\/01\/6-napredak-studija-i-materijal-1-1536x864.jpg 1536w, https:\/\/aarhusns.rs\/wp-content\/uploads\/2021\/01\/6-napredak-studija-i-materijal-1.jpg 2048w\" sizes=\"(max-width: 300px) 100vw, 300px\" \/>\t\t<\/div>\n\t\t\t\t<div class=\"elementor-portfolio-item__overlay\">\n\t\t\t\t<h3 class=\"elementor-portfolio-item__title\">\n\t\tFORTSCHRITT ZUM NACHHALTIGEN WIRTSCHAFTSPROJEKT IN VOJVODINA\t\t<\/h3>\n\t\t\t\t<\/div>\n\t\t\t\t<\/a>\n\t\t<\/article>\n\t\t\t\t<article class=\"elementor-portfolio-item elementor-post  post-3812 wpos_portfolio type-wpos_portfolio status-publish has-post-thumbnail hentry\">\n\t\t\t<a class=\"elementor-post__thumbnail__link\" href=\"https:\/\/aarhusns.rs\/de\/wp-portfolio\/staerkung-des-widerstands-der-lokalen-gemeinschaft-gegen-naturkatastrophen-in-novi-sad\/\">\n\t\t\t\t<div class=\"elementor-portfolio-item__img elementor-post__thumbnail\">\n\t\t\t<img decoding=\"async\" width=\"300\" height=\"225\" src=\"https:\/\/aarhusns.rs\/wp-content\/uploads\/2021\/01\/3-otporne-zajednice-2-1-300x225.jpg\" class=\"attachment-medium size-medium wp-image-2557\" alt=\"\" srcset=\"https:\/\/aarhusns.rs\/wp-content\/uploads\/2021\/01\/3-otporne-zajednice-2-1-300x225.jpg 300w, https:\/\/aarhusns.rs\/wp-content\/uploads\/2021\/01\/3-otporne-zajednice-2-1-1024x768.jpg 1024w, https:\/\/aarhusns.rs\/wp-content\/uploads\/2021\/01\/3-otporne-zajednice-2-1-768x576.jpg 768w, https:\/\/aarhusns.rs\/wp-content\/uploads\/2021\/01\/3-otporne-zajednice-2-1.jpg 1288w\" sizes=\"(max-width: 300px) 100vw, 300px\" \/>\t\t<\/div>\n\t\t\t\t<div class=\"elementor-portfolio-item__overlay\">\n\t\t\t\t<h3 class=\"elementor-portfolio-item__title\">\n\t\tST\u00c4RKUNG DES WIDERSTANDS DER LOKALEN GEMEINSCHAFT GEGEN NATURKATASTROPHEN IN NOVI SAD\t\t<\/h3>\n\t\t\t\t<\/div>\n\t\t\t\t<\/a>\n\t\t<\/article>\n\t\t\t\t<article class=\"elementor-portfolio-item elementor-post  post-3816 wpos_portfolio type-wpos_portfolio status-publish has-post-thumbnail hentry\">\n\t\t\t<a class=\"elementor-post__thumbnail__link\" href=\"https:\/\/aarhusns.rs\/de\/wp-portfolio\/organisatoren-und-partner-von-freiwilligenmassnahmen\/\">\n\t\t\t\t<div class=\"elementor-portfolio-item__img elementor-post__thumbnail\">\n\t\t\t<img decoding=\"async\" width=\"200\" height=\"300\" src=\"https:\/\/aarhusns.rs\/wp-content\/uploads\/2021\/01\/4-VOLONTERSKE-AKCIJE-1-200x300.jpg\" class=\"attachment-medium size-medium wp-image-2567\" alt=\"\" srcset=\"https:\/\/aarhusns.rs\/wp-content\/uploads\/2021\/01\/4-VOLONTERSKE-AKCIJE-1-200x300.jpg 200w, https:\/\/aarhusns.rs\/wp-content\/uploads\/2021\/01\/4-VOLONTERSKE-AKCIJE-1-682x1024.jpg 682w, https:\/\/aarhusns.rs\/wp-content\/uploads\/2021\/01\/4-VOLONTERSKE-AKCIJE-1-768x1152.jpg 768w, https:\/\/aarhusns.rs\/wp-content\/uploads\/2021\/01\/4-VOLONTERSKE-AKCIJE-1-1024x1536.jpg 1024w, https:\/\/aarhusns.rs\/wp-content\/uploads\/2021\/01\/4-VOLONTERSKE-AKCIJE-1.jpg 1333w\" sizes=\"(max-width: 200px) 100vw, 200px\" \/>\t\t<\/div>\n\t\t\t\t<div class=\"elementor-portfolio-item__overlay\">\n\t\t\t\t<h3 class=\"elementor-portfolio-item__title\">\n\t\tORGANISATOREN UND PARTNER VON FREIWILLIGENMASSNAHMEN\t\t<\/h3>\n\t\t\t\t<\/div>\n\t\t\t\t<\/a>\n\t\t<\/article>\n\t\t\t\t<article class=\"elementor-portfolio-item elementor-post  post-3817 wpos_portfolio type-wpos_portfolio status-publish has-post-thumbnail hentry\">\n\t\t\t<a class=\"elementor-post__thumbnail__link\" href=\"https:\/\/aarhusns.rs\/de\/wp-portfolio\/ausbildung-zu-einer-smarten-und-bestaendigen-lokalen-gemeinschaft-fuer-natuerliche-katastrophen\/\">\n\t\t\t\t<div class=\"elementor-portfolio-item__img elementor-post__thumbnail\">\n\t\t\t<img loading=\"lazy\" decoding=\"async\" width=\"300\" height=\"169\" src=\"https:\/\/aarhusns.rs\/wp-content\/uploads\/2021\/01\/3-OTPORNE-ZAJEDNICE-1-300x169.jpg\" class=\"attachment-medium size-medium wp-image-2547\" alt=\"\" srcset=\"https:\/\/aarhusns.rs\/wp-content\/uploads\/2021\/01\/3-OTPORNE-ZAJEDNICE-1-300x169.jpg 300w, https:\/\/aarhusns.rs\/wp-content\/uploads\/2021\/01\/3-OTPORNE-ZAJEDNICE-1-768x432.jpg 768w, https:\/\/aarhusns.rs\/wp-content\/uploads\/2021\/01\/3-OTPORNE-ZAJEDNICE-1.jpg 949w\" sizes=\"(max-width: 300px) 100vw, 300px\" \/>\t\t<\/div>\n\t\t\t\t<div class=\"elementor-portfolio-item__overlay\">\n\t\t\t\t<h3 class=\"elementor-portfolio-item__title\">\n\t\tAUSBILDUNG ZU EINER SMARTEN UND BEST\u00c4NDIGEN LOKALEN GEMEINSCHAFT F\u00dcR NAT\u00dcRLICHE KATASTROPHEN\t\t<\/h3>\n\t\t\t\t<\/div>\n\t\t\t\t<\/a>\n\t\t<\/article>\n\t\t\t\t<article class=\"elementor-portfolio-item elementor-post  post-3818 wpos_portfolio type-wpos_portfolio status-publish has-post-thumbnail hentry\">\n\t\t\t<a class=\"elementor-post__thumbnail__link\" href=\"https:\/\/aarhusns.rs\/de\/wp-portfolio\/oeffentliche-beratungen-zum-entwurf-eines-haftungsrechts-fuer-umweltschaeden\/\">\n\t\t\t\t<div class=\"elementor-portfolio-item__img elementor-post__thumbnail\">\n\t\t\t<img loading=\"lazy\" decoding=\"async\" width=\"300\" height=\"169\" src=\"https:\/\/aarhusns.rs\/wp-content\/uploads\/2021\/01\/2-JAVNE-RASPRAVE-I-KONS-1-300x169.jpg\" class=\"attachment-medium size-medium wp-image-2587\" alt=\"\" srcset=\"https:\/\/aarhusns.rs\/wp-content\/uploads\/2021\/01\/2-JAVNE-RASPRAVE-I-KONS-1-300x169.jpg 300w, https:\/\/aarhusns.rs\/wp-content\/uploads\/2021\/01\/2-JAVNE-RASPRAVE-I-KONS-1-768x432.jpg 768w, https:\/\/aarhusns.rs\/wp-content\/uploads\/2021\/01\/2-JAVNE-RASPRAVE-I-KONS-1.jpg 960w\" sizes=\"(max-width: 300px) 100vw, 300px\" \/>\t\t<\/div>\n\t\t\t\t<div class=\"elementor-portfolio-item__overlay\">\n\t\t\t\t<h3 class=\"elementor-portfolio-item__title\">\n\t\t\u00d6FFENTLICHE BERATUNGEN ZUM ENTWURF EINES HAFTUNGSRECHTS F\u00dcR UMWELTSCH\u00c4DEN\t\t<\/h3>\n\t\t\t\t<\/div>\n\t\t\t\t<\/a>\n\t\t<\/article>\n\t\t\t\t<article class=\"elementor-portfolio-item elementor-post  post-3820 wpos_portfolio type-wpos_portfolio status-publish has-post-thumbnail hentry\">\n\t\t\t<a class=\"elementor-post__thumbnail__link\" href=\"https:\/\/aarhusns.rs\/de\/wp-portfolio\/projekt-der-schulen-fuer-oekologisches-recht-und-ethik-novi-sad\/\">\n\t\t\t\t<div class=\"elementor-portfolio-item__img elementor-post__thumbnail\">\n\t\t\t<img loading=\"lazy\" decoding=\"async\" width=\"300\" height=\"225\" src=\"https:\/\/aarhusns.rs\/wp-content\/uploads\/2021\/01\/1-Skola-ek-prava-UCESNICI-SKOLE-ETIKE-1-300x225.jpg\" class=\"attachment-medium size-medium wp-image-2597\" alt=\"\" srcset=\"https:\/\/aarhusns.rs\/wp-content\/uploads\/2021\/01\/1-Skola-ek-prava-UCESNICI-SKOLE-ETIKE-1-300x225.jpg 300w, https:\/\/aarhusns.rs\/wp-content\/uploads\/2021\/01\/1-Skola-ek-prava-UCESNICI-SKOLE-ETIKE-1-1024x768.jpg 1024w, https:\/\/aarhusns.rs\/wp-content\/uploads\/2021\/01\/1-Skola-ek-prava-UCESNICI-SKOLE-ETIKE-1-768x576.jpg 768w, https:\/\/aarhusns.rs\/wp-content\/uploads\/2021\/01\/1-Skola-ek-prava-UCESNICI-SKOLE-ETIKE-1-1536x1152.jpg 1536w, https:\/\/aarhusns.rs\/wp-content\/uploads\/2021\/01\/1-Skola-ek-prava-UCESNICI-SKOLE-ETIKE-1.jpg 2048w\" sizes=\"(max-width: 300px) 100vw, 300px\" \/>\t\t<\/div>\n\t\t\t\t<div class=\"elementor-portfolio-item__overlay\">\n\t\t\t\t<h3 class=\"elementor-portfolio-item__title\">\n\t\tPROJEKT DER SCHULEN F\u00dcR \u00d6KOLOGISCHES RECHT UND ETHIK NOVI SAD\t\t<\/h3>\n\t\t\t\t<\/div>\n\t\t\t\t<\/a>\n\t\t<\/article>\n\t\t\t\t<\/div>\n\t\t\t\t\t\t<\/div>\n\t\t\t\t<\/div>\n\t\t\t\t\t<\/div>\n\t\t<\/div>\n\t\t\t\t\t<\/div>\n\t\t<\/section>\n\t\t\t\t<\/div>\n\t\t","protected":false},"excerpt":{"rendered":"<p>PROJEKTE<\/p>\n","protected":false},"author":1,"featured_media":0,"parent":0,"menu_order":0,"comment_status":"closed","ping_status":"closed","template":"elementor_header_footer","meta":{"footnotes":""},"class_list":["post-1753","page","type-page","status-publish","hentry"],"_links":{"self":[{"href":"https:\/\/aarhusns.rs\/de\/wp-json\/wp\/v2\/pages\/1753","targetHints":{"allow":["GET"]}}],"collection":[{"href":"https:\/\/aarhusns.rs\/de\/wp-json\/wp\/v2\/pages"}],"about":[{"href":"https:\/\/aarhusns.rs\/de\/wp-json\/wp\/v2\/types\/page"}],"author":[{"embeddable":true,"href":"https:\/\/aarhusns.rs\/de\/wp-json\/wp\/v2\/users\/1"}],"replies":[{"embeddable":true,"href":"https:\/\/aarhusns.rs\/de\/wp-json\/wp\/v2\/comments?post=1753"}],"version-history":[{"count":10,"href":"https:\/\/aarhusns.rs\/de\/wp-json\/wp\/v2\/pages\/1753\/revisions"}],"predecessor-version":[{"id":3955,"href":"https:\/\/aarhusns.rs\/de\/wp-json\/wp\/v2\/pages\/1753\/revisions\/3955"}],"wp:attachment":[{"href":"https:\/\/aarhusns.rs\/de\/wp-json\/wp\/v2\/media?parent=1753"}],"curies":[{"name":"wp","href":"https:\/\/api.w.org\/{rel}","templated":true}]}}